{"id":143,"date":"2016-05-07T17:04:28","date_gmt":"2016-05-07T16:04:28","guid":{"rendered":"http:\/\/www.courat.fr\/aero\/?page_id=143"},"modified":"2024-08-21T17:56:42","modified_gmt":"2024-08-21T16:56:42","slug":"galerie-videos","status":"publish","type":"page","link":"https:\/\/www.courat.fr\/aero\/galerie-videos\/","title":{"rendered":"Vid\u00e9os"},"content":{"rendered":"\n<p>Alors la galerie vid\u00e9o des ann\u00e9es 2010 a fait pschitt&#8230; Dessus, y avait 3 vid\u00e9os et demi, dont 2 introuvables&#8230; entre temps, je me suis install\u00e9 un Peertube et j&rsquo;ai pouss\u00e9 toutes mes bouillies de pixels dessus. Y a aucune pr\u00e9tention, je vole comme une otarie myope en plein d\u00e9sert, mais qu&rsquo;est-ce que je m&rsquo;\u00e9clate ! <\/p>\n\n\n\n<p>Voici quelques liens des derniers vols en date&#8230;<\/p>\n\n\n<ul class=\"wp-block-rss\"><li class='wp-block-rss__item'><div class='wp-block-rss__item-title'><a href='https:\/\/videos.courat.fr\/w\/wAdmijwDA8bJxxLwwA9ZLB'>Skywalker Cloudy Sunday (2\/3)<\/a><\/div><\/li><li class='wp-block-rss__item'><div class='wp-block-rss__item-title'><a href='https:\/\/videos.courat.fr\/w\/5WY7TgwgcJpZ2bbiZPkpbs'>Skywalker Cloudy Sunday 1\/3<\/a><\/div><\/li><li class='wp-block-rss__item'><div class='wp-block-rss__item-title'><a href='https:\/\/videos.courat.fr\/w\/oexkn7xisdwTSbwj4WPE1k'>Skywalker Flight Final + OSD<\/a><\/div><\/li><li class='wp-block-rss__item'><div class='wp-block-rss__item-title'><a href='https:\/\/videos.courat.fr\/w\/r467QiJsvnviFXvVvdCdVa'>Skywalker flight final<\/a><\/div><\/li><li class='wp-block-rss__item'><div class='wp-block-rss__item-title'><a href='https:\/\/videos.courat.fr\/w\/fHB9uPHPLSut3LQkkFXuDA'>Skywalker Final Approach (HD)<\/a><\/div><\/li><\/ul>\n\n\n<p>Pour voir la totale, c&rsquo;est par <a href=\"https:\/\/videos.courat.fr\">ici <\/a>!<\/p>\n\n\n\n<p>En legacy, voici l&rsquo;ancienne galerie&#8230; enfin ce qu&rsquo;il en reste&#8230;<\/p>\n\n\n\n<p>Cliquez sur un des liens en dessous de la vid\u00e9o pour en changer.<\/p>\n\n\n<div class=\"wp-playlist wp-video-playlist wp-playlist-light\">\n\t\t<video controls=\"controls\" preload=\"none\" width=\"778\"\n\t\t height=\"441\"\t><\/video>\n\t<div class=\"wp-playlist-next\"><\/div>\n\t<div class=\"wp-playlist-prev\"><\/div>\n\t<noscript>\n\t<ol>\n\t\t<li><a href='https:\/\/www.courat.fr\/aero\/wp-content\/uploads\/sites\/6\/2016\/05\/H107D_FPV_2.mp4'>H107D_FPV_2<\/a><\/li><li><a href='https:\/\/www.courat.fr\/aero\/wp-content\/uploads\/sites\/6\/2016\/05\/X4v2.mp4'>X4v2<\/a><\/li><li><a href='https:\/\/www.courat.fr\/aero\/wp-content\/uploads\/sites\/6\/2016\/05\/NanoQ4.mp4'>NanoQ4<\/a><\/li>\t<\/ol>\n\t<\/noscript>\n\t<script type=\"application\/json\" class=\"wp-playlist-script\">{\"type\":\"video\",\"tracklist\":true,\"tracknumbers\":true,\"images\":true,\"artists\":true,\"tracks\":[{\"src\":\"https:\/\/www.courat.fr\/aero\/wp-content\/uploads\/sites\/6\/2016\/05\/H107D_FPV_2.mp4\",\"type\":\"video\/mp4\",\"title\":\"H107D_FPV_2\",\"caption\":\"Vol Hubsan X4 FPV (H107D) - dans le jardin et au dessus !!\",\"description\":\"Un petit vol vite-fait en rentrant du boulot... m\\u00eame pas tomb\\u00e9 la veste, trop press\\u00e9 !!\\u003C\/script\\u003E\\u003C\/script\\u003E\",\"meta\":{\"length_formatted\":\"1:51\"},\"dimensions\":{\"original\":{\"width\":720,\"height\":480},\"resized\":{\"width\":778,\"height\":519}},\"image\":{\"src\":\"https:\/\/www.courat.fr\/aero\/wp-includes\/images\/media\/video.svg\",\"width\":48,\"height\":64},\"thumb\":{\"src\":\"https:\/\/www.courat.fr\/aero\/wp-includes\/images\/media\/video.svg\",\"width\":48,\"height\":64}},{\"src\":\"https:\/\/www.courat.fr\/aero\/wp-content\/uploads\/sites\/6\/2016\/05\/X4v2.mp4\",\"type\":\"video\/mp4\",\"title\":\"X4v2\",\"caption\":\"Vol Hubsan X4 v2, cam\\u00e9ra 720p, avec accu neuf 380 mAh, apr\\u00e8s-midi du 07 mai 2016. \",\"description\":\"Le vol est un peu ballott\\u00e9 par un l\\u00e9ger vent ; il me semble que le x4 v2 est moins stable que le X4 FPV... \\u00e0 v\\u00e9rifier.\\u003C\/script\\u003E\\u003C\/script\\u003E\",\"meta\":{\"length_formatted\":\"1:16\"},\"dimensions\":{\"original\":{\"width\":1280,\"height\":720},\"resized\":{\"width\":778,\"height\":438}},\"image\":{\"src\":\"https:\/\/www.courat.fr\/aero\/wp-includes\/images\/media\/video.svg\",\"width\":48,\"height\":64},\"thumb\":{\"src\":\"https:\/\/www.courat.fr\/aero\/wp-includes\/images\/media\/video.svg\",\"width\":48,\"height\":64}},{\"src\":\"https:\/\/www.courat.fr\/aero\/wp-content\/uploads\/sites\/6\/2016\/05\/NanoQ4.mp4\",\"type\":\"video\/mp4\",\"title\":\"NanoQ4\",\"caption\":\"Petit vol de Nano Q4 en soir\\u00e9e (mai 2016).\",\"description\":\"Vol effectu\\u00e9 le 07 mai 2016 en soir\\u00e9e, avec la micro-radio d'origine, apr\\u00e8s un remplacement de l'accu d'origine qui donnait des signes de faiblesse (moins d'une minute d'autonomie !). Un vrai plaisir retrouv\\u00e9 !\\u003C\/script\\u003E\\u003C\/script\\u003E\",\"meta\":{\"length_formatted\":\"1:09\"},\"dimensions\":{\"original\":{\"width\":1920,\"height\":1088},\"resized\":{\"width\":778,\"height\":441}},\"image\":{\"src\":\"https:\/\/www.courat.fr\/aero\/wp-includes\/images\/media\/video.svg\",\"width\":48,\"height\":64},\"thumb\":{\"src\":\"https:\/\/www.courat.fr\/aero\/wp-includes\/images\/media\/video.svg\",\"width\":48,\"height\":64}}]}<\/script>\n<\/div>\n\t\n\n\n\n<p>D&rsquo;autres vid\u00e9os bient\u00f4t&#8230;<\/p>\n","protected":false},"excerpt":{"rendered":"<p>Alors la galerie vid\u00e9o des ann\u00e9es 2010 a fait pschitt&#8230; Dessus, y avait 3 vid\u00e9os et demi, dont 2 introuvables&#8230;<\/p>\n","protected":false},"author":1,"featured_media":0,"parent":0,"menu_order":0,"comment_status":"closed","ping_status":"closed","template":"","meta":{"colormag_page_container_layout":"default_layout","colormag_page_sidebar_layout":"default_layout","footnotes":""},"class_list":["post-143","page","type-page","status-publish","hentry"],"_links":{"self":[{"href":"https:\/\/www.courat.fr\/aero\/wp-json\/wp\/v2\/pages\/143","targetHints":{"allow":["GET"]}}],"collection":[{"href":"https:\/\/www.courat.fr\/aero\/wp-json\/wp\/v2\/pages"}],"about":[{"href":"https:\/\/www.courat.fr\/aero\/wp-json\/wp\/v2\/types\/page"}],"author":[{"embeddable":true,"href":"https:\/\/www.courat.fr\/aero\/wp-json\/wp\/v2\/users\/1"}],"replies":[{"embeddable":true,"href":"https:\/\/www.courat.fr\/aero\/wp-json\/wp\/v2\/comments?post=143"}],"version-history":[{"count":3,"href":"https:\/\/www.courat.fr\/aero\/wp-json\/wp\/v2\/pages\/143\/revisions"}],"predecessor-version":[{"id":317,"href":"https:\/\/www.courat.fr\/aero\/wp-json\/wp\/v2\/pages\/143\/revisions\/317"}],"wp:attachment":[{"href":"https:\/\/www.courat.fr\/aero\/wp-json\/wp\/v2\/media?parent=143"}],"curies":[{"name":"wp","href":"https:\/\/api.w.org\/{rel}","templated":true}]}}