{"id":220,"date":"2017-03-04T19:18:28","date_gmt":"2017-03-04T18:18:28","guid":{"rendered":"http:\/\/www.courat.fr\/aero\/?page_id=220"},"modified":"2020-11-11T01:17:17","modified_gmt":"2020-11-11T00:17:17","slug":"masque-fpv-eachine-ev800","status":"publish","type":"page","link":"https:\/\/www.courat.fr\/aero\/masque-fpv-eachine-ev800\/","title":{"rendered":"Masque FPV Eachine EV800"},"content":{"rendered":"<p><a href=\"http:\/\/www.courat.fr\/aero\/wp-content\/uploads\/sites\/6\/2017\/03\/eachine-ev800-07.jpg\"><img loading=\"lazy\" decoding=\"async\" class=\"size-medium wp-image-225 alignright\" src=\"http:\/\/www.courat.fr\/aero\/wp-content\/uploads\/sites\/6\/2017\/03\/eachine-ev800-07-300x261.jpg\" alt=\"\" width=\"300\" height=\"261\" srcset=\"https:\/\/www.courat.fr\/aero\/wp-content\/uploads\/sites\/6\/2017\/03\/eachine-ev800-07-300x261.jpg 300w, https:\/\/www.courat.fr\/aero\/wp-content\/uploads\/sites\/6\/2017\/03\/eachine-ev800-07.jpg 900w\" sizes=\"auto, (max-width: 300px) 100vw, 300px\" \/><\/a><\/p>\n<p>Le masque EV800 de chez Eachine est actuellement commercialis\u00e9 \u00e0 moins de 100\u20ac.<\/p>\n<p>C&rsquo;est \u00e0 mon avis une bonne affaire, sachant qu&rsquo;il fonctionne sur 40 fr\u00e9quences diff\u00e9rentes (dont Raceband et ImmersionRC), et pour les d\u00e9butants\u00a0(en FPV tout du moins), peut se s\u00e9parer en 2 parties pour se transformer en \u00e9cran FPV. A cette fin, vous trouverez en dessous un filetage au pas Kodak pour le fixer sur\u00a0un tr\u00e9pied photo.<\/p>\n<p>Enfin, il est possible de le recharger sur une prise USB, ou une batterie externe. Pas mal, pour moins de 100 euros, non ?<\/p>\n<p>Voici le tableau des fr\u00e9quences.<\/p>\n<p>[table id=1 \/]<\/script><\/p>\n","protected":false},"excerpt":{"rendered":"<p>Le masque EV800 de chez Eachine est actuellement commercialis\u00e9 \u00e0 moins de 100\u20ac. C&rsquo;est \u00e0 mon avis une bonne affaire,<\/p>\n","protected":false},"author":1,"featured_media":225,"parent":0,"menu_order":0,"comment_status":"closed","ping_status":"closed","template":"","meta":{"colormag_page_container_layout":"default_layout","colormag_page_sidebar_layout":"default_layout","footnotes":""},"class_list":["post-220","page","type-page","status-publish","has-post-thumbnail","hentry"],"_links":{"self":[{"href":"https:\/\/www.courat.fr\/aero\/wp-json\/wp\/v2\/pages\/220","targetHints":{"allow":["GET"]}}],"collection":[{"href":"https:\/\/www.courat.fr\/aero\/wp-json\/wp\/v2\/pages"}],"about":[{"href":"https:\/\/www.courat.fr\/aero\/wp-json\/wp\/v2\/types\/page"}],"author":[{"embeddable":true,"href":"https:\/\/www.courat.fr\/aero\/wp-json\/wp\/v2\/users\/1"}],"replies":[{"embeddable":true,"href":"https:\/\/www.courat.fr\/aero\/wp-json\/wp\/v2\/comments?post=220"}],"version-history":[{"count":0,"href":"https:\/\/www.courat.fr\/aero\/wp-json\/wp\/v2\/pages\/220\/revisions"}],"wp:featuredmedia":[{"embeddable":true,"href":"https:\/\/www.courat.fr\/aero\/wp-json\/wp\/v2\/media\/225"}],"wp:attachment":[{"href":"https:\/\/www.courat.fr\/aero\/wp-json\/wp\/v2\/media?parent=220"}],"curies":[{"name":"wp","href":"https:\/\/api.w.org\/{rel}","templated":true}]}}