{"id":5,"date":"2014-02-08T13:17:45","date_gmt":"2014-02-08T12:17:45","guid":{"rendered":"http:\/\/www.courat.fr\/aero\/?page_id=5"},"modified":"2026-03-23T22:10:10","modified_gmt":"2026-03-23T21:10:10","slug":"a-propos","status":"publish","type":"page","link":"https:\/\/www.courat.fr\/aero\/a-propos\/","title":{"rendered":"A propos"},"content":{"rendered":"\n<p>J&rsquo;ai commenc\u00e9 l&rsquo;a\u00e9romod\u00e9lisme en 2005&#8230; r\u00eave de gamin, concr\u00e9tis\u00e9 une fois adulte.<\/p>\n\n\n\n<p>en 2005, l&rsquo;\u00e9lectrique existait d\u00e9j\u00e0. C&rsquo;\u00e9tait \u00e9galement les d\u00e9buts des \u00ab\u00a0foamies\u00a0\u00bb, ces appareils bon march\u00e9, faits d&rsquo;un type de polystyr\u00e8ne (<i>foam<\/i>), pas celui qui \u00e9clate en une multitude de billes, l&rsquo;autre&#8230;<\/p>\n\n\n\n<p>C&rsquo;\u00e9tait aussi l&rsquo;\u00e9poque des batteries NiCd, puis des NiMH&#8230;<\/p>\n\n\n\n<p>Puis sont arriv\u00e9s sur le march\u00e9 les moteurs brushless, les batteries LiPo&#8230;<\/p>\n\n\n\n<p>Puis j&rsquo;ai d\u00fb arr\u00eater mes activit\u00e9s, manque de temps. Mais j&rsquo;ai replong\u00e9 ! Certes, pas en club cette fois, et pas avec d&rsquo;aussi gros appareils qu&rsquo;avant.<\/p>\n\n\n\n<p>Aujourd&rsquo;hui, c&rsquo;est l&rsquo;\u00e8re du&nbsp;<em>jouet volant<\/em>&#8230; Certes, c&rsquo;est amusant, plut\u00f4t accessible, mais il ne faut surtout pas oublier que \u00e7a peut \u00eatre dangereux ! (\u00e7a, c&rsquo;\u00e9tait mon petit rappel s\u00e9curit\u00e9&#8230;)<\/p>\n\n\n\n<p>Ce site pr\u00e9sente un peu tout ce qui m&rsquo;int\u00e9resse en mod\u00e9lisme, principalement a\u00e9ro. Vous voil\u00e0 pr\u00e9venus.<\/p>\n\n\n\n<p>\ud83d\ude09<\/p>\n\n\n\n<h2 class=\"wp-block-heading\">Update 2024<\/h2>\n\n\n\n<p>&nbsp;Ca y est, \u00e7a me reprend !! il est temps de faire un peu de m\u00e9nage sur ce site&#8230; quelques liens morts \u00e0 retirer, des petites mises \u00e0 jour dans les vid\u00e9os, le matos, etc&#8230; Et \u00e0 la cl\u00e9, peut-\u00eatre, quelques nouveaux articles ? <em>Stay tuned&#8230;<\/em><\/p>\n\n\n\n<p><\/p>\n\n\n\n<h2 class=\"wp-block-heading\">Update 2026<\/h2>\n\n\n\n<p>Boh ok c&rsquo;est pas un update, mais un badge, \u00e7a mange pas de pain, et c&rsquo;est gratifiant&#8230; ^^<\/p>\n\n\n\n<a href='https:\/\/certificates.airdata.com\/ouJWpN'><img alt='Airdata UAV|Drone Safety Verified Badge' src='https:\/\/certificates.airdata.com\/badge?i=ouJWpN&#038;r=zWQX&#038;t=5&#038;m=3&#038;size=8&#038;c=0' style='width:266px;height:70px;border:0;image-rendering: optimizequality;image-rendering: smooth;'><\/a>\n","protected":false},"excerpt":{"rendered":"<p>J&rsquo;ai commenc\u00e9 l&rsquo;a\u00e9romod\u00e9lisme en 2005&#8230; r\u00eave de gamin, concr\u00e9tis\u00e9 une fois adulte. en 2005, l&rsquo;\u00e9lectrique existait d\u00e9j\u00e0. C&rsquo;\u00e9tait \u00e9galement les<\/p>\n","protected":false},"author":1,"featured_media":0,"parent":0,"menu_order":0,"comment_status":"open","ping_status":"open","template":"","meta":{"colormag_page_container_layout":"default_layout","colormag_page_sidebar_layout":"default_layout","footnotes":""},"class_list":["post-5","page","type-page","status-publish","hentry"],"_links":{"self":[{"href":"https:\/\/www.courat.fr\/aero\/wp-json\/wp\/v2\/pages\/5","targetHints":{"allow":["GET"]}}],"collection":[{"href":"https:\/\/www.courat.fr\/aero\/wp-json\/wp\/v2\/pages"}],"about":[{"href":"https:\/\/www.courat.fr\/aero\/wp-json\/wp\/v2\/types\/page"}],"author":[{"embeddable":true,"href":"https:\/\/www.courat.fr\/aero\/wp-json\/wp\/v2\/users\/1"}],"replies":[{"embeddable":true,"href":"https:\/\/www.courat.fr\/aero\/wp-json\/wp\/v2\/comments?post=5"}],"version-history":[{"count":4,"href":"https:\/\/www.courat.fr\/aero\/wp-json\/wp\/v2\/pages\/5\/revisions"}],"predecessor-version":[{"id":356,"href":"https:\/\/www.courat.fr\/aero\/wp-json\/wp\/v2\/pages\/5\/revisions\/356"}],"wp:attachment":[{"href":"https:\/\/www.courat.fr\/aero\/wp-json\/wp\/v2\/media?parent=5"}],"curies":[{"name":"wp","href":"https:\/\/api.w.org\/{rel}","templated":true}]}}