{"id":320,"date":"2024-09-28T13:19:54","date_gmt":"2024-09-28T11:19:54","guid":{"rendered":"https:\/\/www.courat.fr\/makerzblog\/?page_id=320"},"modified":"2024-09-28T13:24:14","modified_gmt":"2024-09-28T11:24:14","slug":"mes-parametres-de-coupe-cnc","status":"publish","type":"page","link":"https:\/\/www.courat.fr\/makerzblog\/mes-parametres-de-coupe-cnc\/","title":{"rendered":"Mes param\u00e8tres de coupe CNC"},"content":{"rendered":"\n<p>Cette page regroupe les param\u00e8tres de coupe que j&rsquo;utilise en standard en fonction de la fraise, du mat\u00e9riau, etc&#8230; <\/p>\n\n\n\n<p>Elle est susceptible d&rsquo;\u00e9voluer, donc ces param\u00e8tres sont fournis en l&rsquo;\u00e9tat, sans garantie d&rsquo;\u00eatre absolus, mais uniquement adapt\u00e9s \u00e0 mon matos&#8230; <\/p>\n\n\n\n<figure class=\"wp-block-table is-style-stripes\"><table class=\"has-fixed-layout\"><tbody><tr><td><strong>R\u00e9f Fraise<\/strong><\/td><td><strong>Mat\u00e9riau<\/strong><\/td><td><strong>Spindle Speed<br>(tr\/min)<\/strong><\/td><td><strong>Feed Rate<br>(mm\/min)<\/strong><\/td><td><strong>Plunge Rate <br>(mm\/min)<\/strong><\/td><td><strong>Prof. Passe<br>(mm)<\/strong><\/td><\/tr><tr><td>FC2DD_317_12AMZN<\/td><td>MDF<\/td><td>15 000<\/td><td>762<\/td><td>228.6<\/td><td>1<\/td><\/tr><tr><td>FC2DD_317_12AMZN<\/td><td>CTP boulot<br>(doux)<\/td><td>15000<\/td><td>762<\/td><td>228,6<\/td><td>0,7<\/td><\/tr><tr><td>FC2DD_317_12AMZN<\/td><td>CTP Okoum\u00e9<br>(moyen)<\/td><td>15 000<\/td><td>609.9<\/td><td>228,6<\/td><td>0,7<\/td><\/tr><tr><td>FC2DD_317_12AMZN<\/td><td>Styroglass<br>(PSX)<\/td><td>20 000<\/td><td>762<\/td><td>150<\/td><td>0,5<\/td><\/tr><\/tbody><\/table><figcaption class=\"wp-element-caption\">Valeurs appliqu\u00e9es sur ma CNC 3018 Pro<\/figcaption><\/figure>\n\n\n\n<p>Pour avoir une base, j&rsquo;ai commenc\u00e9 par utiliser les valeurs g\u00e9n\u00e9r\u00e9es automatiquement par Easel, en mode automatique. J&rsquo;ai d\u00fb param\u00e9trer le type de fraise, le mat\u00e9riau (ou le plus approchant quand il n&rsquo;existait pas), etc&#8230; et j&rsquo;ai relev\u00e9 les param\u00e8tres, que j&rsquo;ai ensuite utilis\u00e9 hors Easel, par exemple sous Fusion 360. <\/p>\n\n\n\n<p>Ensuite, pour le Styroglass par exemple, j&rsquo;ai observ\u00e9 les pr\u00e9conisations concernant le PMMA et le polystyr\u00e8ne extrud\u00e9, et j&rsquo;ai not\u00e9 qu&rsquo;on \u00e9tait assez proche du CTP boulot. J&rsquo;ai donc test\u00e9 ces param\u00e8tres, qui se sont av\u00e9r\u00e9s valables (coupe rapide, pas de torsion, copeaux corrects, pas de fusion excessive ni de bourrage de fraise). La seule restriction concerne le vertical feed, car j&rsquo;entendais un coup de b\u00e9lier \u00e0 chaque nouvelle descente. J&rsquo;ai donc d\u00e9cid\u00e9 de passer, en vitesse verticale, de 228,6 mm\/min \u00e0 150 mm\/min. sur des passes de 0,5 mm, ce n&rsquo;est pas p\u00e9nalisant pour la vitesse d&rsquo;ex\u00e9cution, mais \u00e7a soulage un peu le mat\u00e9riel. <\/p>\n\n\n\n<h2 class=\"wp-block-heading\">R\u00e9f\u00e9rences de mes fraises<\/h2>\n\n\n\n<p><strong>FC2DD_317_12AMZN <\/strong>: Fraise droite 2 dents en carbure de tungst\u00e8ne, diam\u00e8tre 3,175 mm (1\/8&Prime;), longueur utile de 12mm, achet\u00e9e&#8230; sur Amzn. <\/p>\n\n\n\n<p><em>D&rsquo;autres r\u00e9f\u00e9rences de fraises \u00e0 venir&#8230; <\/em><\/p>\n","protected":false},"excerpt":{"rendered":"<p>Cette page regroupe les param\u00e8tres de coupe que j&rsquo;utilise en standard en fonction de la fraise, du mat\u00e9riau, etc&#8230; Elle<\/p>\n","protected":false},"author":1,"featured_media":0,"parent":0,"menu_order":0,"comment_status":"closed","ping_status":"closed","template":"","meta":{"footnotes":""},"class_list":["post-320","page","type-page","status-publish","hentry"],"_links":{"self":[{"href":"https:\/\/www.courat.fr\/makerzblog\/wp-json\/wp\/v2\/pages\/320","targetHints":{"allow":["GET"]}}],"collection":[{"href":"https:\/\/www.courat.fr\/makerzblog\/wp-json\/wp\/v2\/pages"}],"about":[{"href":"https:\/\/www.courat.fr\/makerzblog\/wp-json\/wp\/v2\/types\/page"}],"author":[{"embeddable":true,"href":"https:\/\/www.courat.fr\/makerzblog\/wp-json\/wp\/v2\/users\/1"}],"replies":[{"embeddable":true,"href":"https:\/\/www.courat.fr\/makerzblog\/wp-json\/wp\/v2\/comments?post=320"}],"version-history":[{"count":5,"href":"https:\/\/www.courat.fr\/makerzblog\/wp-json\/wp\/v2\/pages\/320\/revisions"}],"predecessor-version":[{"id":327,"href":"https:\/\/www.courat.fr\/makerzblog\/wp-json\/wp\/v2\/pages\/320\/revisions\/327"}],"wp:attachment":[{"href":"https:\/\/www.courat.fr\/makerzblog\/wp-json\/wp\/v2\/media?parent=320"}],"curies":[{"name":"wp","href":"https:\/\/api.w.org\/{rel}","templated":true}]}}